{"id":2846,"date":"2019-04-12T16:39:36","date_gmt":"2019-04-12T14:39:36","guid":{"rendered":"http:\/\/archive.pad-mainz.de\/?page_id=2846\/"},"modified":"2019-04-12T16:39:36","modified_gmt":"2019-04-12T14:39:36","slug":"helferinnen-und-praktikantinnen-gesucht","status":"publish","type":"page","link":"http:\/\/archive.pad-mainz.de\/en\/helferinnen-und-praktikantinnen-gesucht\/","title":{"rendered":"Helfer*innen und Praktikant*innen gesucht"},"content":{"rendered":"<div class=\"fl-row fl-row-fixed-width fl-row-bg-none fl-node-59fb92d7dd364\" data-node=\"59fb92d7dd364\">\n<div class=\"fl-row-content-wrap\">\n<div class=\"fl-row-content fl-row-fixed-width fl-node-content\">\n<div class=\"fl-col-group fl-node-59fb92d7e4562\" data-node=\"59fb92d7e4562\">\n<div class=\"fl-col fl-node-59fb92d7e6f3b\" data-node=\"59fb92d7e6f3b\">\n<div class=\"fl-col-content fl-node-content\">\n<div class=\"fl-module fl-module-rich-text fl-node-5bae3126ae60e\" data-node=\"5bae3126ae60e\" data-animation-delay=\"0.0\">\n<div class=\"fl-module-content fl-node-content\">\n<div class=\"fl-rich-text\">\n<p><strong>Helfer*innen und Praktikant*innen gesucht<\/strong><\/p>\n<p>F\u00fcr das Internationale Tanz &amp; Performance Festival 2019 suchen wir noch\u00a0 zus\u00e4tzliche Helfer*innen und Praktikant*innen, die Zeit und Lust haben, bei der Durchf\u00fchrung des Festivals und bei den Werbeaktionen im Vorfeld mitzuhelfen.<\/p>\n<p>Die Aufgabenbereiche w\u00e4hrend des Festivals sind:<\/p>\n<p>Betreuung der K\u00fcnstler\/Gruppen, Abenddienst (Theke, Kasse), Auf- und Umbauten an der B\u00fchne, Besorgungen, Hilfe beim Catering.<\/p>\n<p>Bei den Werbeaktionen gehen wir zu einzelnen Terminen in die Stadt oder zu bestimmten ausgesuchten Events und verteilen unsere Programme.<\/p>\n<\/div>\n<\/div>\n<\/div>\n<\/div>\n<\/div>\n<div class=\"fl-col fl-node-59fb92d7e9679 fl-col-small\" data-node=\"59fb92d7e9679\">\n<div class=\"fl-col-content fl-node-content\">\n<div class=\"fl-module fl-module-rich-text fl-node-59fb94249e3be\" data-node=\"59fb94249e3be\" data-animation-delay=\"0.0\">\n<div class=\"fl-module-content fl-node-content\">\n<div class=\"fl-rich-text\"><\/div>\n<\/div>\n<\/div>\n<\/div>\n<\/div>\n<\/div>\n<\/div>\n<\/div>\n<\/div>\n","protected":false},"excerpt":{"rendered":"<p>Helfer*innen und Praktikant*innen gesucht F\u00fcr das Internationale Tanz &amp; Performance Festival 2019 suchen wir noch\u00a0 zus\u00e4tzliche Helfer*innen und Praktikant*innen, die Zeit und Lust haben, bei der Durchf\u00fchrung des Festivals und bei den Werbeaktionen im Vorfeld mitzuhelfen. Die Aufgabenbereiche w\u00e4hrend des&hellip; <\/p>\n","protected":false},"author":101011,"featured_media":0,"parent":0,"menu_order":0,"comment_status":"closed","ping_status":"closed","template":"","meta":{"footnotes":""},"_links":{"self":[{"href":"http:\/\/archive.pad-mainz.de\/en\/wp-json\/wp\/v2\/pages\/2846"}],"collection":[{"href":"http:\/\/archive.pad-mainz.de\/en\/wp-json\/wp\/v2\/pages"}],"about":[{"href":"http:\/\/archive.pad-mainz.de\/en\/wp-json\/wp\/v2\/types\/page"}],"author":[{"embeddable":true,"href":"http:\/\/archive.pad-mainz.de\/en\/wp-json\/wp\/v2\/users\/101011"}],"replies":[{"embeddable":true,"href":"http:\/\/archive.pad-mainz.de\/en\/wp-json\/wp\/v2\/comments?post=2846"}],"version-history":[{"count":1,"href":"http:\/\/archive.pad-mainz.de\/en\/wp-json\/wp\/v2\/pages\/2846\/revisions"}],"predecessor-version":[{"id":2847,"href":"http:\/\/archive.pad-mainz.de\/en\/wp-json\/wp\/v2\/pages\/2846\/revisions\/2847"}],"wp:attachment":[{"href":"http:\/\/archive.pad-mainz.de\/en\/wp-json\/wp\/v2\/media?parent=2846"}],"curies":[{"name":"wp","href":"https:\/\/api.w.org\/{rel}","templated":true}]}}