{"id":1149,"date":"2016-03-09T10:46:33","date_gmt":"2016-03-09T09:46:33","guid":{"rendered":"http:\/\/archive.pad-mainz.de\/en\/?page_id=1149"},"modified":"2018-07-12T14:49:33","modified_gmt":"2018-07-12T12:49:33","slug":"press","status":"publish","type":"page","link":"http:\/\/archive.pad-mainz.de\/en\/press\/","title":{"rendered":"Press"},"content":{"rendered":"<p>&nbsp;<\/p>\n<p style=\"text-align: justify;\">English Translation coming soon<\/p>\n<h4 style=\"text-align: justify;\">Schmitt&amp;Schulz<\/h4>\n<p style=\"text-align: justify;\">pad- Allgemein<\/p>\n<p style=\"text-align: justify;\">&#8220;Peter Schulz und Nic Schmitt haben mit ihrer Idee (&#8230;) eine k\u00fcnstlerische Nische entdeckt, die in Mainz noch leer ist&#8221; Rhein Zeitung 26.11.2007<\/p>\n<p style=\"text-align: justify;\">&#8220;Ihre Idee, eine Produktions- und Spielst\u00e4tte f\u00fcr zeitgen\u00f6ssische Kunst zu etablieren, war und ist ein wichtiger Impuls f\u00fcr Mainz.&#8221; ehemaliger Kulturdezernent Peter Krawietz in AZ 19.09.2008<\/p>\n<p style=\"text-align: justify;\">&#8220;Es ist wundervoll zu sehen, wie viele kulturelle Institutionen sich in der Landeshauptstadt entwickelt haben &#8211; und da geht das pad vorneweg, das gezeigt hat, dass man auch mit einer sehr eigenwilligen Akzentsetzung \u00fcber Jahre bestehen kann.&#8221; Kulturdezernentin Marianne Grosse (SPD) in AZ 08.09.2010<\/p>\n<p style=\"text-align: justify;\">K\u00fcnstler und Inszenierungen\u00a0&#8220;s\u00fcss fel nap- scheine auf sonne&#8221; Performanceinstallation von Peter Schulz und T\u00fcnde Vas&#8221;Eine Installation, die den Zuschauer in ein au\u00dfergew\u00f6hnliches Raumerlebnis entf\u00fchrt. Eine Performance \u00fcber Tr\u00e4ume, \u00c4ngste, W\u00fcnsche, Hoffnungen und Erinnerungen. Sinnlich, \u00e4sthetisch, atmosph\u00e4risch, mediativ.&#8221; Das Wochenblatt 25.03.2010<\/p>\n<p style=\"text-align: justify;\">&#8220;&#8230;\/Noch Nicht\/&#8230;&#8221; Tanzst\u00fcck von Sophia Cleff und Anna Weissenfels&#8221;Auch Chaos will ge\u00fcbt sein. Und so gesehen brillieren Cleff und Weissenfels; ihre Schrittfolgen, K\u00f6rperdialoge, mimischen, ja fast schon pantomimischen F\u00e4higkeiten sind erstklassig.&#8221; AZ 11.03.2009<\/p>\n<p style=\"text-align: justify;\">&#8220;Es ist kein&#8217; Zeit&#8221; Multimedia-Performance von Manuela Hartel<\/p>\n<p style=\"text-align: justify;\">&#8220;Der Zuschauer erlebt eine geheimnisvolle, suggestive Landschaft aus lustvoll-opulenten Vexierbildern, ummantelt von einer Klangwelt, die an Musik von Bj\u00f6rk und Meret Becker erinnert.&#8221; STUTZ Februar 2010<\/p>\n<p style=\"text-align: justify;\">&#8220;Romeos Julia&#8221; Tanzst\u00fcck von Oficina dos Sentidos<br \/>\n&#8220;Das sequenzartige Ineinandergreifen von K\u00f6rpersprache und Bildsprache, scheinbar Realem und Imagin\u00e4ren, intimen und spielerisch inszenierten Begegnungen und wahrhaft anmutenden Gedankenstrudeln der Figuren f\u00fcgt sich zu einem Mosaik des Begehrens zusammen.&#8221; Rhein Main Presse 16.11.2009<\/p>\n<p style=\"text-align: justify;\">&#8220;I want a beautiful dress&#8221; Performance von Yu Chien Wu, British Performance Festival<br \/>\n&#8220;Dem Anspruch, dass ,Performance Art&#8217; immer auch ein offener k\u00fcnstlerischer Prozess sein soll, wurde das Dargebotene auf eindrucksvolle Weise gerecht.&#8221; Rhein Main Presse 30.09.2009<\/p>\n<p style=\"text-align: justify;\">&#8220;I-Lab&#8221; interakive Performance von Schmitt&amp;Schulz<br \/>\n&#8220;Geschichten entstehen, verr\u00fcckte Welten, Situationen, die sich kein Schriftsteller je ausdenken k\u00f6nnte.&#8221;Der Mainzer 11\/2010<\/p>\n","protected":false},"excerpt":{"rendered":"<p>&nbsp; English Translation coming soon Schmitt&amp;Schulz pad- Allgemein &#8220;Peter Schulz und Nic Schmitt haben mit ihrer Idee (&#8230;) eine k\u00fcnstlerische Nische entdeckt, die in Mainz noch leer ist&#8221; Rhein Zeitung 26.11.2007 &#8220;Ihre Idee, eine Produktions- und Spielst\u00e4tte f\u00fcr zeitgen\u00f6ssische Kunst&hellip; <\/p>\n","protected":false},"author":1,"featured_media":0,"parent":0,"menu_order":0,"comment_status":"closed","ping_status":"closed","template":"","meta":{"footnotes":""},"_links":{"self":[{"href":"http:\/\/archive.pad-mainz.de\/en\/wp-json\/wp\/v2\/pages\/1149"}],"collection":[{"href":"http:\/\/archive.pad-mainz.de\/en\/wp-json\/wp\/v2\/pages"}],"about":[{"href":"http:\/\/archive.pad-mainz.de\/en\/wp-json\/wp\/v2\/types\/page"}],"author":[{"embeddable":true,"href":"http:\/\/archive.pad-mainz.de\/en\/wp-json\/wp\/v2\/users\/1"}],"replies":[{"embeddable":true,"href":"http:\/\/archive.pad-mainz.de\/en\/wp-json\/wp\/v2\/comments?post=1149"}],"version-history":[{"count":3,"href":"http:\/\/archive.pad-mainz.de\/en\/wp-json\/wp\/v2\/pages\/1149\/revisions"}],"predecessor-version":[{"id":2514,"href":"http:\/\/archive.pad-mainz.de\/en\/wp-json\/wp\/v2\/pages\/1149\/revisions\/2514"}],"wp:attachment":[{"href":"http:\/\/archive.pad-mainz.de\/en\/wp-json\/wp\/v2\/media?parent=1149"}],"curies":[{"name":"wp","href":"https:\/\/api.w.org\/{rel}","templated":true}]}}